{"id":14108,"date":"2025-02-03T11:12:59","date_gmt":"2025-02-03T11:12:59","guid":{"rendered":"https:\/\/amirishpk.com\/?page_id=14108"},"modified":"2025-04-30T13:04:51","modified_gmt":"2025-04-30T13:04:51","slug":"shtepi-modulare","status":"publish","type":"page","link":"https:\/\/amirishpk.com\/de\/produktet\/shtepi-modulare\/","title":{"rendered":"Modulare Haus"},"content":{"rendered":"\t\t<div data-elementor-type=\"wp-page\" data-elementor-id=\"14108\" class=\"elementor elementor-14108\">\n\t\t\t\t        <section class=\"elementor-section elementor-top-section elementor-element elementor-element-50949111 elementor-section-boxed elementor-section-height-default elementor-section-height-default pxl-row-scroll-none pxl-zoom-point-false pxl-section-overflow-visible pxl-section-fix-none pxl-bg-color-none pxl-section-overlay-none\" data-id=\"50949111\" data-element_type=\"section\" data-e-type=\"section\" data-settings=\"{&quot;background_background&quot;:&quot;slideshow&quot;,&quot;background_slideshow_gallery&quot;:[{&quot;id&quot;:14224,&quot;url&quot;:&quot;https:\\\/\\\/amirishpk.com\\\/wp-content\\\/uploads\\\/2025\\\/02\\\/shm-1.jpg&quot;},{&quot;id&quot;:14222,&quot;url&quot;:&quot;https:\\\/\\\/amirishpk.com\\\/wp-content\\\/uploads\\\/2025\\\/02\\\/07.jpg&quot;},{&quot;id&quot;:14219,&quot;url&quot;:&quot;https:\\\/\\\/amirishpk.com\\\/wp-content\\\/uploads\\\/2025\\\/02\\\/03.jpg&quot;},{&quot;id&quot;:14218,&quot;url&quot;:&quot;https:\\\/\\\/amirishpk.com\\\/wp-content\\\/uploads\\\/2025\\\/02\\\/02.jpg&quot;}],&quot;background_slideshow_slide_transition&quot;:&quot;slide_left&quot;,&quot;background_slideshow_ken_burns&quot;:&quot;yes&quot;,&quot;background_slideshow_loop&quot;:&quot;yes&quot;,&quot;background_slideshow_slide_duration&quot;:5000,&quot;background_slideshow_transition_duration&quot;:500,&quot;background_slideshow_ken_burns_zoom_direction&quot;:&quot;in&quot;}\">\n\n                            <div class=\"elementor-background-overlay\"><\/div>\n            \n                <div class=\"elementor-container elementor-column-gap-default \">\n                <div class=\"elementor-column elementor-col-100 elementor-top-column elementor-element elementor-element-2e3e6102 pxl-column-none pxl-column-overflow-hidden-no\" data-id=\"2e3e6102\" data-element_type=\"column\" data-e-type=\"column\">\r\n        <div class=\"elementor-widget-wrap elementor-element-populated\">\r\n                     \r\n        \t\t<div class=\"elementor-element elementor-element-1e4ed599 elementor-widget elementor-widget-heading\" data-id=\"1e4ed599\" data-element_type=\"widget\" data-e-type=\"widget\" data-widget_type=\"heading.default\">\n\t\t\t\t<div class=\"elementor-widget-container\">\n\t\t\t\t\t<h2 class=\"elementor-heading-title elementor-size-default\">Sht\u00ebpi Modulare<\/h2>\t\t\t\t<\/div>\n\t\t\t\t<\/div>\n\t\t\t\t<div class=\"elementor-element elementor-element-50dce1ce elementor-widget elementor-widget-text-editor\" data-id=\"50dce1ce\" data-element_type=\"widget\" data-e-type=\"widget\" data-widget_type=\"text-editor.default\">\n\t\t\t\t<div class=\"elementor-widget-container\">\n\t\t\t\t\t\t\t\t\t<p>Zgjidhja Moderne dhe Efi\u00e7iente p\u00ebr Jetes\u00ebn Tuaj<\/p>\t\t\t\t\t\t\t\t<\/div>\n\t\t\t\t<\/div>\n\t\t\t\t<div class=\"elementor-element elementor-element-65343f4 elementor-align-center elementor-widget elementor-widget-button\" data-id=\"65343f4\" data-element_type=\"widget\" data-e-type=\"widget\" data-widget_type=\"button.default\">\n\t\t\t\t<div class=\"elementor-widget-container\">\n\t\t\t\t\t\t\t\t\t<div class=\"elementor-button-wrapper\">\n\t\t\t\t\t<a class=\"elementor-button elementor-button-link elementor-size-sm\" href=\"#shiko\" rel=\"nofollow\">\n\t\t\t\t\t\t<span class=\"elementor-button-content-wrapper\">\n\t\t\t\t\t\t<span class=\"elementor-button-icon\">\n\t\t\t\t<i aria-hidden=\"true\" class=\"fas fa-chevron-down\"><\/i>\t\t\t<\/span>\n\t\t\t\t\t\t\t\t\t<span class=\"elementor-button-text\">Shiko Produktet<\/span>\n\t\t\t\t\t<\/span>\n\t\t\t\t\t<\/a>\n\t\t\t\t<\/div>\n\t\t\t\t\t\t\t\t<\/div>\n\t\t\t\t<\/div>\n\t\t            <\/div>\r\n        <\/div>\r\n        \t\t\t<\/div>\n\t\t<\/section>\n\t\t        <section class=\"elementor-section elementor-top-section elementor-element elementor-element-66c4f6db elementor-section-boxed elementor-section-height-default elementor-section-height-default pxl-row-scroll-none pxl-zoom-point-false pxl-section-overflow-visible pxl-section-fix-none pxl-bg-color-none pxl-section-overlay-none\" data-id=\"66c4f6db\" data-element_type=\"section\" data-e-type=\"section\">\n\n                \n                <div class=\"elementor-container elementor-column-gap-default \">\n                <div class=\"elementor-column elementor-col-100 elementor-top-column elementor-element elementor-element-31ff278f pxl-column-none pxl-column-overflow-hidden-no\" data-id=\"31ff278f\" data-element_type=\"column\" data-e-type=\"column\">\r\n        <div class=\"elementor-widget-wrap elementor-element-populated\">\r\n                     \r\n        \t\t<div class=\"elementor-element elementor-element-15d52626 elementor-widget elementor-widget-heading\" data-id=\"15d52626\" data-element_type=\"widget\" data-e-type=\"widget\" data-widget_type=\"heading.default\">\n\t\t\t\t<div class=\"elementor-widget-container\">\n\t\t\t\t\t<h2 class=\"elementor-heading-title elementor-size-default\"> \u00c7far\u00eb \u00ebsht\u00eb nj\u00eb Sht\u00ebpi Modulare?<\/h2>\t\t\t\t<\/div>\n\t\t\t\t<\/div>\n\t\t            <\/div>\r\n        <\/div>\r\n        \t\t\t<\/div>\n\t\t<\/section>\n\t\t        <section class=\"elementor-section elementor-top-section elementor-element elementor-element-7b16d413 elementor-section-boxed elementor-section-height-default elementor-section-height-default pxl-row-scroll-none pxl-zoom-point-false pxl-section-overflow-visible pxl-section-fix-none pxl-bg-color-none pxl-section-overlay-none\" data-id=\"7b16d413\" data-element_type=\"section\" data-e-type=\"section\">\n\n                \n                <div class=\"elementor-container elementor-column-gap-default \">\n                <div class=\"elementor-column elementor-col-100 elementor-top-column elementor-element elementor-element-55cb4e7 pxl-column-none pxl-column-overflow-hidden-no\" data-id=\"55cb4e7\" data-element_type=\"column\" data-e-type=\"column\">\r\n        <div class=\"elementor-widget-wrap elementor-element-populated\">\r\n                     \r\n        \t\t<div class=\"elementor-element elementor-element-3bf965cd elementor-widget elementor-widget-text-editor\" data-id=\"3bf965cd\" data-element_type=\"widget\" data-e-type=\"widget\" data-widget_type=\"text-editor.default\">\n\t\t\t\t<div class=\"elementor-widget-container\">\n\t\t\t\t\t\t\t\t\t<p>Sht\u00ebpit\u00eb modulare nga <strong>AMIRI Group<\/strong> jan\u00eb nd\u00ebrtuar me teknologjin\u00eb m\u00eb t\u00eb fundit, duke ofruar nj\u00eb <strong>zgjidhje t\u00eb shpejt\u00eb, ekologjike dhe t\u00eb personalizueshme<\/strong> p\u00ebr jetes\u00ebn tuaj. Me nj\u00eb dizajn modern dhe cil\u00ebsi t\u00eb lart\u00eb, k\u00ebto sht\u00ebpi jan\u00eb ideale p\u00ebr \u00e7do terren dhe nevoj\u00eb.<\/p>\t\t\t\t\t\t\t\t<\/div>\n\t\t\t\t<\/div>\n\t\t            <\/div>\r\n        <\/div>\r\n        \t\t\t<\/div>\n\t\t<\/section>\n\t\t        <section class=\"elementor-section elementor-top-section elementor-element elementor-element-71def43 shiko elementor-section-boxed elementor-section-height-default elementor-section-height-default pxl-row-scroll-none pxl-zoom-point-false pxl-section-overflow-visible pxl-section-fix-none pxl-bg-color-none pxl-section-overlay-none\" data-id=\"71def43\" data-element_type=\"section\" data-e-type=\"section\">\n\n                \n                <div class=\"elementor-container elementor-column-gap-default \">\n                <div class=\"elementor-column elementor-col-50 elementor-top-column elementor-element elementor-element-24c7f89 pxl-column-none pxl-column-overflow-hidden-no\" data-id=\"24c7f89\" data-element_type=\"column\" data-e-type=\"column\">\r\n        <div class=\"elementor-widget-wrap elementor-element-populated\">\r\n                     \r\n        \t\t<div class=\"elementor-element elementor-element-3b318cd eael-infobox-content-align--center eael-infobox-shape-square eael-infobox-hover-img-shape-square elementor-widget elementor-widget-eael-info-box\" data-id=\"3b318cd\" data-element_type=\"widget\" data-e-type=\"widget\" data-widget_type=\"eael-info-box.default\">\n\t\t\t\t<div class=\"elementor-widget-container\">\n\t\t\t\t\t            <a href=\"\/produktet\/shtepi-modulare\/aries\">\n\t            <div class=\"eael-infobox icon-on-top\">\n\t            <div class=\"infobox-icon elementor-animation-grow\">\n\n                            <img decoding=\"async\" src=\"https:\/\/amirishpk.com\/wp-content\/uploads\/2025\/02\/shm-4.jpg\" alt=\"\">\n            \n            \n            \n        <\/div>\n            <div class=\"infobox-content\">\n                    <div class=\"infobox-title-section\">\n                <h2 class=\"title\">ARIES<\/h2>            <\/div>\n            <div><p>Zgjidhje inovative p\u00ebr banim modular, e dizajnuar p\u00ebr t\u00eb ofruar komoditet, efikasitet dhe q\u00ebndrueshm\u00ebri.\u00a0<\/p><\/div>        <\/div>\n            <\/div>\n\n\t\t            <\/a>\n\t\t\t\t\t\t<\/div>\n\t\t\t\t<\/div>\n\t\t            <\/div>\r\n        <\/div>\r\n                <div class=\"elementor-column elementor-col-50 elementor-top-column elementor-element elementor-element-1b84780 pxl-column-none pxl-column-overflow-hidden-no\" data-id=\"1b84780\" data-element_type=\"column\" data-e-type=\"column\">\r\n        <div class=\"elementor-widget-wrap elementor-element-populated\">\r\n                     \r\n        \t\t<div class=\"elementor-element elementor-element-579de0e eael-infobox-content-align--center eael-infobox-shape-square eael-infobox-hover-img-shape-square elementor-widget elementor-widget-eael-info-box\" data-id=\"579de0e\" data-element_type=\"widget\" data-e-type=\"widget\" data-widget_type=\"eael-info-box.default\">\n\t\t\t\t<div class=\"elementor-widget-container\">\n\t\t\t\t\t            <a href=\"\/produktet\/shtepi-modulare\/taurus\">\n\t            <div class=\"eael-infobox icon-on-top\">\n\t            <div class=\"infobox-icon elementor-animation-grow\">\n\n                            <img decoding=\"async\" src=\"https:\/\/amirishpk.com\/wp-content\/uploads\/2025\/04\/Taurus.jpg\" alt=\"\">\n            \n            \n            \n        <\/div>\n            <div class=\"infobox-content\">\n                    <div class=\"infobox-title-section\">\n                <h2 class=\"title\">TAURUS<\/h2>            <\/div>\n            <div><p>Brend\u00ebsia \u00ebsht\u00eb e dekoruar me imitim druri, duke krijuar nj\u00eb atmosfer\u00eb t\u00eb ngroht\u00eb dhe moderne.<\/p><\/div>        <\/div>\n            <\/div>\n\n\t\t            <\/a>\n\t\t\t\t\t\t<\/div>\n\t\t\t\t<\/div>\n\t\t            <\/div>\r\n        <\/div>\r\n        \t\t\t<\/div>\n\t\t<\/section>\n\t\t        <section class=\"elementor-section elementor-top-section elementor-element elementor-element-b805dd9 elementor-section-boxed elementor-section-height-default elementor-section-height-default pxl-row-scroll-none pxl-zoom-point-false pxl-section-overflow-visible pxl-section-fix-none pxl-bg-color-none pxl-section-overlay-none\" data-id=\"b805dd9\" data-element_type=\"section\" data-e-type=\"section\">\n\n                \n                <div class=\"elementor-container elementor-column-gap-default \">\n                <div class=\"elementor-column elementor-col-50 elementor-top-column elementor-element elementor-element-3ede5d4 pxl-column-none pxl-column-overflow-hidden-no\" data-id=\"3ede5d4\" data-element_type=\"column\" data-e-type=\"column\">\r\n        <div class=\"elementor-widget-wrap elementor-element-populated\">\r\n                     \r\n        \t\t<div class=\"elementor-element elementor-element-b3cbae6 eael-infobox-content-align--center eael-infobox-shape-square eael-infobox-hover-img-shape-square elementor-widget elementor-widget-eael-info-box\" data-id=\"b3cbae6\" data-element_type=\"widget\" data-e-type=\"widget\" data-widget_type=\"eael-info-box.default\">\n\t\t\t\t<div class=\"elementor-widget-container\">\n\t\t\t\t\t        <div class=\"eael-infobox icon-on-top\">\n\t            <div class=\"infobox-icon elementor-animation-grow\">\n\n                            <img decoding=\"async\" src=\"https:\/\/amirishpk.com\/wp-content\/uploads\/2025\/02\/CMS.png\" alt=\"\">\n            \n            \n            \n        <\/div>\n            <div class=\"infobox-content\">\n                    <div class=\"infobox-title-section\">\n                <h2 class=\"title\">GLASS<\/h2>            <\/div>\n            <div><p>S\u00eb Shpejti<\/p><\/div>        <\/div>\n            <\/div>\n\n\t\t\t\t\t\t<\/div>\n\t\t\t\t<\/div>\n\t\t            <\/div>\r\n        <\/div>\r\n                <div class=\"elementor-column elementor-col-50 elementor-top-column elementor-element elementor-element-62c3fbd pxl-column-none pxl-column-overflow-hidden-no\" data-id=\"62c3fbd\" data-element_type=\"column\" data-e-type=\"column\">\r\n        <div class=\"elementor-widget-wrap elementor-element-populated\">\r\n                     \r\n        \t\t<div class=\"elementor-element elementor-element-192e6b9 eael-infobox-content-align--center eael-infobox-shape-square eael-infobox-hover-img-shape-square elementor-widget elementor-widget-eael-info-box\" data-id=\"192e6b9\" data-element_type=\"widget\" data-e-type=\"widget\" data-widget_type=\"eael-info-box.default\">\n\t\t\t\t<div class=\"elementor-widget-container\">\n\t\t\t\t\t        <div class=\"eael-infobox icon-on-top\">\n\t            <div class=\"infobox-icon elementor-animation-grow\">\n\n                            <img decoding=\"async\" src=\"https:\/\/amirishpk.com\/wp-content\/uploads\/2025\/02\/CMS.png\" alt=\"\">\n            \n            \n            \n        <\/div>\n            <div class=\"infobox-content\">\n                    <div class=\"infobox-title-section\">\n                <h2 class=\"title\">GEMINI<\/h2>            <\/div>\n            <div><p>S\u00eb Shpejti<\/p><\/div>        <\/div>\n            <\/div>\n\n\t\t\t\t\t\t<\/div>\n\t\t\t\t<\/div>\n\t\t            <\/div>\r\n        <\/div>\r\n        \t\t\t<\/div>\n\t\t<\/section>\n\t\t        <section class=\"elementor-section elementor-top-section elementor-element elementor-element-68552e7d elementor-section-boxed elementor-section-height-default elementor-section-height-default pxl-row-scroll-none pxl-zoom-point-false pxl-section-overflow-visible pxl-section-fix-none pxl-bg-color-none pxl-section-overlay-none\" data-id=\"68552e7d\" data-element_type=\"section\" data-e-type=\"section\">\n\n                \n                <div class=\"elementor-container elementor-column-gap-default \">\n                <div class=\"elementor-column elementor-col-50 elementor-top-column elementor-element elementor-element-4b747539 pxl-column-none pxl-column-overflow-hidden-no\" data-id=\"4b747539\" data-element_type=\"column\" data-e-type=\"column\">\r\n        <div class=\"elementor-widget-wrap elementor-element-populated\">\r\n                     \r\n        \t\t<div class=\"elementor-element elementor-element-743ba1cb elementor-widget elementor-widget-pxl_accordion\" data-id=\"743ba1cb\" data-element_type=\"widget\" data-e-type=\"widget\" data-widget_type=\"pxl_accordion.default\">\n\t\t\t\t<div class=\"elementor-widget-container\">\n\t\t\t\t\t    <div class=\"pxl-accordion pxl-accordion1 style-default \" data-wow-delay=\"ms\">\r\n                    <div class=\"pxl--item active\">\r\n                <h5 class=\"pxl-accordion--title\" data-target=\"#pxl_accordion-743ba1cb-7514-a8f9096\">\r\n                    <span class=\"pxl-icon--action pxl-mr-28\"><i class=\"flaticon flaticon-next\"><\/i><\/span>                    <span class=\"pxl-title--text\">Durim dhe Q\u00ebndrueshm\u00ebri<\/span>\r\n                                                                            <\/h5>\r\n                <div id=\"pxl_accordion-743ba1cb-7514-a8f9096\" class=\"pxl-accordion--content\" style=\"display: block;\">Sht\u00ebpit\u00eb modulare jan\u00eb t\u00eb nd\u00ebrtuara me materiale t\u00eb forta dhe t\u00eb q\u00ebndrueshme, t\u00eb cilat sigurojn\u00eb nj\u00eb jet\u00ebgjat\u00ebsi t\u00eb gjat\u00eb dhe q\u00ebndrueshm\u00ebri t\u00eb lart\u00eb ndaj kushteve t\u00eb motit.<\/div>\r\n            <\/div>\r\n                    <div class=\"pxl--item \">\r\n                <h5 class=\"pxl-accordion--title\" data-target=\"#pxl_accordion-743ba1cb-7514-ff88c12\">\r\n                    <span class=\"pxl-icon--action pxl-mr-28\"><i class=\"flaticon flaticon-next\"><\/i><\/span>                    <span class=\"pxl-title--text\">Instalim i Thjesht\u00eb dhe i Shpejt\u00eb<\/span>\r\n                                                                            <\/h5>\r\n                <div id=\"pxl_accordion-743ba1cb-7514-ff88c12\" class=\"pxl-accordion--content\" >Procesi i instalimit \u00ebsht\u00eb i shpejt\u00eb dhe i thjesht\u00eb, duke minimizuar ndotjen dhe diskomfortin gjat\u00eb nd\u00ebrtimit.<\/div>\r\n            <\/div>\r\n                    <div class=\"pxl--item \">\r\n                <h5 class=\"pxl-accordion--title\" data-target=\"#pxl_accordion-743ba1cb-7514-5577cc3\">\r\n                    <span class=\"pxl-icon--action pxl-mr-28\"><i class=\"flaticon flaticon-next\"><\/i><\/span>                    <span class=\"pxl-title--text\">Dizajn Modern dhe Estetik<\/span>\r\n                                                                            <\/h5>\r\n                <div id=\"pxl_accordion-743ba1cb-7514-5577cc3\" class=\"pxl-accordion--content\" >Dizajni modern dhe i sofistikuar q\u00eb i p\u00ebrshtatet \u00e7do stili jetese dhe nevoje.<\/div>\r\n            <\/div>\r\n                    <div class=\"pxl--item \">\r\n                <h5 class=\"pxl-accordion--title\" data-target=\"#pxl_accordion-743ba1cb-7514-ae9f5c0\">\r\n                    <span class=\"pxl-icon--action pxl-mr-28\"><i class=\"flaticon flaticon-next\"><\/i><\/span>                    <span class=\"pxl-title--text\">Pajisje dhe Teknologji t\u00eb Avancuara<\/span>\r\n                                                                            <\/h5>\r\n                <div id=\"pxl_accordion-743ba1cb-7514-ae9f5c0\" class=\"pxl-accordion--content\" >P\u00ebrdorimi i paisjeve t\u00eb fundit n\u00eb kuzhin\u00eb, banjo, dhe zona t\u00eb tjera p\u00ebr t\u00eb siguruar nj\u00eb p\u00ebrvoj\u00eb jetese komode dhe moderne.<\/div>\r\n            <\/div>\r\n            <\/div>\r\n\t\t\t\t<\/div>\n\t\t\t\t<\/div>\n\t\t            <\/div>\r\n        <\/div>\r\n                <div class=\"elementor-column elementor-col-50 elementor-top-column elementor-element elementor-element-175cc93 pxl-column-none pxl-column-overflow-hidden-no\" data-id=\"175cc93\" data-element_type=\"column\" data-e-type=\"column\">\r\n        <div class=\"elementor-widget-wrap elementor-element-populated\">\r\n                     \r\n        \t\t<div class=\"elementor-element elementor-element-20727e6b elementor-widget elementor-widget-counter\" data-id=\"20727e6b\" data-element_type=\"widget\" data-e-type=\"widget\" data-widget_type=\"counter.default\">\n\t\t\t\t<div class=\"elementor-widget-container\">\n\t\t\t\t\t\t\t<div class=\"elementor-counter\">\n\t\t\t<div class=\"elementor-counter-title\">Sht\u00ebpi modulare t\u00eb instaluara<\/div>\t\t\t<div class=\"elementor-counter-number-wrapper\">\n\t\t\t\t<span class=\"elementor-counter-number-prefix\">+<\/span>\n\t\t\t\t<span class=\"elementor-counter-number\" data-duration=\"2000\" data-to-value=\"120\" data-from-value=\"0\" data-delimiter=\",\">0<\/span>\n\t\t\t\t<span class=\"elementor-counter-number-suffix\"><\/span>\n\t\t\t<\/div>\n\t\t<\/div>\n\t\t\t\t\t\t<\/div>\n\t\t\t\t<\/div>\n\t\t\t\t<div class=\"elementor-element elementor-element-4fe90f55 elementor-widget elementor-widget-counter\" data-id=\"4fe90f55\" data-element_type=\"widget\" data-e-type=\"widget\" data-widget_type=\"counter.default\">\n\t\t\t\t<div class=\"elementor-widget-container\">\n\t\t\t\t\t\t\t<div class=\"elementor-counter\">\n\t\t\t<div class=\"elementor-counter-title\">Vite Eksperienc\u00eb<\/div>\t\t\t<div class=\"elementor-counter-number-wrapper\">\n\t\t\t\t<span class=\"elementor-counter-number-prefix\">+<\/span>\n\t\t\t\t<span class=\"elementor-counter-number\" data-duration=\"2000\" data-to-value=\"10\" data-from-value=\"0\" data-delimiter=\",\">0<\/span>\n\t\t\t\t<span class=\"elementor-counter-number-suffix\"><\/span>\n\t\t\t<\/div>\n\t\t<\/div>\n\t\t\t\t\t\t<\/div>\n\t\t\t\t<\/div>\n\t\t\t\t<div class=\"elementor-element elementor-element-771f048e elementor-widget elementor-widget-counter\" data-id=\"771f048e\" data-element_type=\"widget\" data-e-type=\"widget\" data-widget_type=\"counter.default\">\n\t\t\t\t<div class=\"elementor-widget-container\">\n\t\t\t\t\t\t\t<div class=\"elementor-counter\">\n\t\t\t<div class=\"elementor-counter-title\">Klient\u00eb t\u00eb k\u00ebnaqur \u00e7do vit<\/div>\t\t\t<div class=\"elementor-counter-number-wrapper\">\n\t\t\t\t<span class=\"elementor-counter-number-prefix\"><\/span>\n\t\t\t\t<span class=\"elementor-counter-number\" data-duration=\"2000\" data-to-value=\"50\" data-from-value=\"0\" data-delimiter=\",\">0<\/span>\n\t\t\t\t<span class=\"elementor-counter-number-suffix\">+<\/span>\n\t\t\t<\/div>\n\t\t<\/div>\n\t\t\t\t\t\t<\/div>\n\t\t\t\t<\/div>\n\t\t            <\/div>\r\n        <\/div>\r\n        \t\t\t<\/div>\n\t\t<\/section>\n\t\t        <section class=\"elementor-section elementor-top-section elementor-element elementor-element-57b4f3d4 elementor-section-boxed elementor-section-height-default elementor-section-height-default pxl-row-scroll-none pxl-zoom-point-false pxl-section-overflow-visible pxl-section-fix-none pxl-bg-color-none pxl-section-overlay-none\" data-id=\"57b4f3d4\" data-element_type=\"section\" data-e-type=\"section\" data-settings=\"{&quot;background_background&quot;:&quot;classic&quot;}\">\n\n                \n                <div class=\"elementor-container elementor-column-gap-default \">\n                <div class=\"elementor-column elementor-col-100 elementor-top-column elementor-element elementor-element-2b17a886 pxl-column-none pxl-column-overflow-hidden-no\" data-id=\"2b17a886\" data-element_type=\"column\" data-e-type=\"column\">\r\n        <div class=\"elementor-widget-wrap elementor-element-populated\">\r\n                     \r\n        \t\t<div class=\"elementor-element elementor-element-5e76a324 elementor-widget elementor-widget-heading\" data-id=\"5e76a324\" data-element_type=\"widget\" data-e-type=\"widget\" data-widget_type=\"heading.default\">\n\t\t\t\t<div class=\"elementor-widget-container\">\n\t\t\t\t\t<h2 class=\"elementor-heading-title elementor-size-default\">Na Kontaktoni<\/h2>\t\t\t\t<\/div>\n\t\t\t\t<\/div>\n\t\t\t\t<div class=\"elementor-element elementor-element-1e83f626 elementor-widget elementor-widget-text-editor\" data-id=\"1e83f626\" data-element_type=\"widget\" data-e-type=\"widget\" data-widget_type=\"text-editor.default\">\n\t\t\t\t<div class=\"elementor-widget-container\">\n\t\t\t\t\t\t\t\t\t<p>Me p\u00ebrvoj\u00eb t\u00eb gjat\u00eb n\u00eb prodhimin e moduleve t\u00eb l\u00ebvizshme, <strong>AMIRI Group<\/strong> ofron <strong>Sanitary Container<\/strong> me cil\u00ebsi t\u00eb lart\u00eb, t\u00eb pajisur me t\u00eb gjitha standardet e nevojshme p\u00ebr komoditet dhe higjien\u00eb maksimale. Ne ofrojm\u00eb <strong>zgjidhje standarde dhe t\u00eb personalizuara<\/strong>, sipas k\u00ebrkesave tuaja specifike.<\/p>\t\t\t\t\t\t\t\t<\/div>\n\t\t\t\t<\/div>\n\t\t\t\t<div class=\"elementor-element elementor-element-4493c88b elementor-align-center elementor-widget elementor-widget-button\" data-id=\"4493c88b\" data-element_type=\"widget\" data-e-type=\"widget\" data-widget_type=\"button.default\">\n\t\t\t\t<div class=\"elementor-widget-container\">\n\t\t\t\t\t\t\t\t\t<div class=\"elementor-button-wrapper\">\n\t\t\t\t\t<a class=\"elementor-button elementor-button-link elementor-size-sm\" href=\"\/kontakt\">\n\t\t\t\t\t\t<span class=\"elementor-button-content-wrapper\">\n\t\t\t\t\t\t\t\t\t<span class=\"elementor-button-text\">Kontakti<\/span>\n\t\t\t\t\t<\/span>\n\t\t\t\t\t<\/a>\n\t\t\t\t<\/div>\n\t\t\t\t\t\t\t\t<\/div>\n\t\t\t\t<\/div>\n\t\t            <\/div>\r\n        <\/div>\r\n        \t\t\t<\/div>\n\t\t<\/section>\n\t\t\t\t<\/div>\n\t\t","protected":false},"excerpt":{"rendered":"<p>Sht\u00ebpi Modulare Zgjidhja Moderne dhe Efi\u00e7iente p\u00ebr Jetes\u00ebn Tuaj Shiko Produktet \u00c7far\u00eb \u00ebsht\u00eb nj\u00eb Sht\u00ebpi Modulare? Sht\u00ebpit\u00eb modulare nga AMIRI Group jan\u00eb nd\u00ebrtuar me teknologjin\u00eb m\u00eb t\u00eb fundit, duke ofruar nj\u00eb zgjidhje t\u00eb shpejt\u00eb, ekologjike dhe t\u00eb personalizueshme p\u00ebr jetes\u00ebn tuaj. Me nj\u00eb dizajn modern dhe cil\u00ebsi t\u00eb lart\u00eb, k\u00ebto sht\u00ebpi jan\u00eb ideale p\u00ebr \u00e7do [&hellip;]<\/p>\n","protected":false},"author":1,"featured_media":0,"parent":13077,"menu_order":0,"comment_status":"closed","ping_status":"closed","template":"","meta":{"footnotes":""},"class_list":["post-14108","page","type-page","status-publish","hentry"],"_links":{"self":[{"href":"https:\/\/amirishpk.com\/de\/wp-json\/wp\/v2\/pages\/14108","targetHints":{"allow":["GET"]}}],"collection":[{"href":"https:\/\/amirishpk.com\/de\/wp-json\/wp\/v2\/pages"}],"about":[{"href":"https:\/\/amirishpk.com\/de\/wp-json\/wp\/v2\/types\/page"}],"author":[{"embeddable":true,"href":"https:\/\/amirishpk.com\/de\/wp-json\/wp\/v2\/users\/1"}],"replies":[{"embeddable":true,"href":"https:\/\/amirishpk.com\/de\/wp-json\/wp\/v2\/comments?post=14108"}],"version-history":[{"count":9,"href":"https:\/\/amirishpk.com\/de\/wp-json\/wp\/v2\/pages\/14108\/revisions"}],"predecessor-version":[{"id":15186,"href":"https:\/\/amirishpk.com\/de\/wp-json\/wp\/v2\/pages\/14108\/revisions\/15186"}],"up":[{"embeddable":true,"href":"https:\/\/amirishpk.com\/de\/wp-json\/wp\/v2\/pages\/13077"}],"wp:attachment":[{"href":"https:\/\/amirishpk.com\/de\/wp-json\/wp\/v2\/media?parent=14108"}],"curies":[{"name":"wp","href":"https:\/\/api.w.org\/{rel}","templated":true}]}}