{"id":27,"date":"2024-07-08T02:58:53","date_gmt":"2024-07-08T02:58:53","guid":{"rendered":"https:\/\/demo.casethemes.net\/condo\/?page_id=27"},"modified":"2025-02-10T14:18:15","modified_gmt":"2025-02-10T14:18:15","slug":"kontakt","status":"publish","type":"page","link":"https:\/\/amirishpk.com\/en\/kontakt\/","title":{"rendered":"Kontakt"},"content":{"rendered":"<div data-elementor-type=\"wp-page\" data-elementor-id=\"27\" class=\"elementor elementor-27\">\n\t\t\t\t        <section class=\"elementor-section elementor-top-section elementor-element elementor-element-71f56a1 elementor-section-stretched elementor-section-boxed elementor-section-height-default elementor-section-height-default pxl-row-scroll-none pxl-zoom-point-false pxl-section-overflow-visible pxl-section-fix-none pxl-bg-color-none pxl-section-overlay-none\" data-id=\"71f56a1\" data-element_type=\"section\" data-e-type=\"section\" data-settings=\"{&quot;stretch_section&quot;:&quot;section-stretched&quot;}\">\n\n                \n                <div class=\"elementor-container elementor-column-gap-extended\">\n                <div class=\"elementor-column elementor-col-50 elementor-top-column elementor-element elementor-element-d8a3059 pxl-column-none pxl-column-overflow-hidden-no\" data-id=\"d8a3059\" data-element_type=\"column\" data-e-type=\"column\">\r\n        <div class=\"elementor-widget-wrap elementor-element-populated\">\r\n                     \r\n        \t\t<div class=\"elementor-element elementor-element-798d81a elementor-widget elementor-widget-pxl_heading\" data-id=\"798d81a\" data-element_type=\"widget\" data-e-type=\"widget\" data-widget_type=\"pxl_heading.default\">\n\t\t\t\t<div class=\"elementor-widget-container\">\n\t\t\t\t\t\n<div id=\"pxl-pxl_heading-798d81a-3629\" class=\"pxl-heading px-sub-title-default-style\">\n\t<div class=\"pxl-heading--inner\">\n\t\t<div class=\"pxl-heading-content\">\n\t\t\t\t\t\t\t<div class=\"pxl-item--subtitle px-sub-title-default\" data-wow-delay=\"ms\">\n\t\t\t\t\t<span class=\"pxl-item--subtext\">\n\t\t\t\t\t\t\t\t\t\t\t\tContact us\t\t\t\t\t<\/span>\n\t\t\t\t<\/div>\n\t\t\t\n\t\t\t<h3 class=\"pxl-item--title style-default highlight-default pxl-split-text split-in-up\" data-wow-delay=\"300ms\">\n\t\t\t\t\n\t\t\t\t\n\t\t\t\t\t\t\t\t\tContact us today\t\n\t\t\t\t\t\n\t\t\t<\/h3>\n\t\t<\/div>\n\t<\/div>\n<\/div>\t\t\t\t<\/div>\n\t\t\t\t<\/div>\n\t\t        <section class=\"elementor-section elementor-inner-section elementor-element elementor-element-d1303a9 elementor-section-boxed elementor-section-height-default elementor-section-height-default pxl-row-scroll-none pxl-zoom-point-false pxl-section-overflow-visible pxl-section-fix-none pxl-bg-color-none pxl-section-overlay-none\" data-id=\"d1303a9\" data-element_type=\"section\" data-e-type=\"section\">\n\n                \n                <div class=\"elementor-container elementor-column-gap-extended\">\n                <div class=\"elementor-column elementor-col-50 elementor-inner-column elementor-element elementor-element-4a88919 pxl-main-pricing pxl-column-none pxl-column-overflow-hidden-no\" data-id=\"4a88919\" data-element_type=\"column\" data-e-type=\"column\">\r\n        <div class=\"elementor-widget-wrap elementor-element-populated\">\r\n                     \r\n        \t\t<div class=\"elementor-element elementor-element-87f5140 elementor-widget elementor-widget-pxl_icon_box\" data-id=\"87f5140\" data-element_type=\"widget\" data-e-type=\"widget\" data-widget_type=\"pxl_icon_box.default\">\n\t\t\t\t<div class=\"elementor-widget-container\">\n\t\t\t\t\t<div class=\"pxl-icon-box pxl-icon-box1\">\r\n\t<div class=\"pxl-item-inner wow fadeInUp\" data-wow-delay=\"500ms\">\r\n\t\t<div class=\"pxl-meta-content\">\r\n\t\t\t                <div class=\"pxl-item--icon\">\r\n                    <i aria-hidden=\"true\" class=\"fas fa-map-marker-alt\"><\/i>                <\/div>\r\n                                    <h5 class=\"pxl-item-title\">\r\n            \tAddress            <\/h5>\r\n\t\t\t<div class=\"content-inner\">\r\n\t\t\t\t<div class=\"pxl-title-link\">\r\n\t\t\t\t\t<a href=\"https:\/\/maps.app.goo.gl\/DL9RC8gG1cdD1sZEA\">\r\n\t\t\t\t\t\tPristina-Ferizaj Highway - 13 km\t\t\t\t\t<\/a>\r\n\t\t\t\t<\/div>\r\n\t\t\t\t<div class=\"pxl-title-link\">\r\n\t\t\t\t\t<a >\r\n\t\t\t\t\t\t\t\t\t\t\t<\/a>\r\n\t\t\t\t<\/div>\r\n\t\t\t<\/div>\r\n\t\t<\/div>\r\n\t<\/div>\r\n<\/div>\t\t\t\t<\/div>\n\t\t\t\t<\/div>\n\t\t            <\/div>\r\n        <\/div>\r\n                <div class=\"elementor-column elementor-col-50 elementor-inner-column elementor-element elementor-element-503587d pxl-main-pricing pxl-column-none pxl-column-overflow-hidden-no\" data-id=\"503587d\" data-element_type=\"column\" data-e-type=\"column\">\r\n        <div class=\"elementor-widget-wrap elementor-element-populated\">\r\n                     \r\n        \t\t<div class=\"elementor-element elementor-element-2ef3ba8 elementor-widget elementor-widget-pxl_icon_box\" data-id=\"2ef3ba8\" data-element_type=\"widget\" data-e-type=\"widget\" data-widget_type=\"pxl_icon_box.default\">\n\t\t\t\t<div class=\"elementor-widget-container\">\n\t\t\t\t\t<div class=\"pxl-icon-box pxl-icon-box1\">\r\n\t<div class=\"pxl-item-inner wow fadeInUp\" data-wow-delay=\"700ms\">\r\n\t\t<div class=\"pxl-meta-content\">\r\n\t\t\t                <div class=\"pxl-item--icon\">\r\n                    <i aria-hidden=\"true\" class=\"fas fa-phone-alt\"><\/i>                <\/div>\r\n                                    <h5 class=\"pxl-item-title\">\r\n            \tPhone number            <\/h5>\r\n\t\t\t<div class=\"content-inner\">\r\n\t\t\t\t<div class=\"pxl-title-link\">\r\n\t\t\t\t\t<a href=\"tel:+383 43 902 848\">\r\n\t\t\t\t\t\t+383 43 902 848\t\t\t\t\t<\/a>\r\n\t\t\t\t<\/div>\r\n\t\t\t\t<div class=\"pxl-title-link\">\r\n\t\t\t\t\t<a >\r\n\t\t\t\t\t\t\t\t\t\t\t<\/a>\r\n\t\t\t\t<\/div>\r\n\t\t\t<\/div>\r\n\t\t<\/div>\r\n\t<\/div>\r\n<\/div>\t\t\t\t<\/div>\n\t\t\t\t<\/div>\n\t\t            <\/div>\r\n        <\/div>\r\n        \t\t\t<\/div>\n\t\t<\/section>\n\t\t            <\/div>\r\n        <\/div>\r\n                <div class=\"elementor-column elementor-col-50 elementor-top-column elementor-element elementor-element-6e8f0c9 pxl-column-none pxl-column-overflow-hidden-no\" data-id=\"6e8f0c9\" data-element_type=\"column\" data-e-type=\"column\">\r\n        <div class=\"elementor-widget-wrap elementor-element-populated\">\r\n                     \r\n        \t\t<div class=\"elementor-element elementor-element-cb6f9d5 elementor-widget elementor-widget-pxl_contact_form\" data-id=\"cb6f9d5\" data-element_type=\"widget\" data-e-type=\"widget\" data-widget_type=\"pxl_contact_form.default\">\n\t\t\t\t<div class=\"elementor-widget-container\">\n\t\t\t\t\t    <div class=\"pxl-contact-form pxl-contact-form1 btn-w-auto\" data-wow-delay=\"ms\">\r\n        \n<div class=\"wpcf7 no-js\" id=\"wpcf7-f1935-o1\" lang=\"en-US\" dir=\"ltr\" data-wpcf7-id=\"1935\">\n<div class=\"screen-reader-response\"><p role=\"status\" aria-live=\"polite\" aria-atomic=\"true\"><\/p> <ul><\/ul><\/div>\n<form action=\"\/en\/wp-json\/wp\/v2\/pages\/27#wpcf7-f1935-o1\" method=\"post\" class=\"wpcf7-form init\" aria-label=\"Contact form\" novalidate=\"novalidate\" data-status=\"init\" data-trp-original-action=\"\/en\/wp-json\/wp\/v2\/pages\/27#wpcf7-f1935-o1\">\n<fieldset class=\"hidden-fields-container\"><input type=\"hidden\" name=\"_wpcf7\" value=\"1935\" \/><input type=\"hidden\" name=\"_wpcf7_version\" value=\"6.1.5\" \/><input type=\"hidden\" name=\"_wpcf7_locale\" value=\"en_US\" \/><input type=\"hidden\" name=\"_wpcf7_unit_tag\" value=\"wpcf7-f1935-o1\" \/><input type=\"hidden\" name=\"_wpcf7_container_post\" value=\"0\" \/><input type=\"hidden\" name=\"_wpcf7_posted_data_hash\" value=\"\" \/>\n<\/fieldset>\n<div class=\"contact3\">\n\t<div class=\"pxl-item-checkbox\">\n\t\t<div class=\"pxl-checkbox-title\">\n\t\t\t<p>What can we help you with?\n\t\t\t<\/p>\n\t\t<\/div>\n\t\t<div class=\"pxl-checkbox-content\">\n\t\t\t<p><span class=\"wpcf7-form-control-wrap\" data-name=\"your-fruit\"><br \/>\n<span class=\"wpcf7-form-control wpcf7-checkbox wpcf7-validates-as-required wpcf7-exclusive-checkbox\"><br \/>\n<span class=\"wpcf7-list-item first\"><br \/>\n<input type=\"checkbox\" id=\"Konsultim\" name=\"your-fruit\" value=\"Konsultim\" \/><br \/>\n<label class=\"wpcf7-list-item-label\" for=\"konsultim\">Consultations<\/label><br \/>\n<\/span><br \/>\n<span class=\"wpcf7-list-item\"><br \/>\n<input type=\"checkbox\" id=\"pyetje\" name=\"your-fruit\" value=\"pyetje\" \/><br \/>\n<label class=\"wpcf7-list-item-label\" for=\"pyetje\">Question<\/label><br \/>\n<\/span><br \/>\n<span class=\"wpcf7-list-item\"><br \/>\n<input type=\"checkbox\" id=\"Dizajnim\" name=\"your-fruit\" value=\"Dizajnim\" \/><br \/>\n<label class=\"wpcf7-list-item-label\" for=\"Dizajnim\">Design<\/label><br \/>\n<\/span><br \/>\n<span class=\"wpcf7-list-item\"><br \/>\n<input type=\"checkbox\" id=\"Mbeshtetje\" name=\"your-fruit\" value=\"Mbeshtetje\" \/><br \/>\n<label class=\"wpcf7-list-item-label\" for=\"Mbeshtetje\">Support<\/label><br \/>\n<\/span><br \/>\n<span class=\"wpcf7-list-item\"><br \/>\n<input type=\"checkbox\" id=\"tjeter\" name=\"your-fruit\" value=\"tjeter\" \/><br \/>\n<label class=\"wpcf7-list-item-label\" for=\"others\">Other<\/label><br \/>\n<\/span><br \/>\n<\/span><br \/>\n<\/span>\n\t\t\t<\/p>\n\t\t<\/div>\n\t<\/div>\n\t<div class=\"form pxl-item-name\">\n\t\t<p><span class=\"comment-text\">Full Name<\/span><br \/>\n<span class=\"wpcf7-form-control-wrap\" data-name=\"text-484\"><input size=\"40\" maxlength=\"400\" class=\"wpcf7-form-control wpcf7-text wpcf7-validates-as-required\" aria-required=\"true\" aria-invalid=\"false\" placeholder=\"First Name Last Name\" value=\"\" type=\"text\" name=\"text-484\" \/><\/span>\n\t\t<\/p>\n\t<\/div>\n\t<div class=\"form pxl-item-phone\">\n\t\t<p><span class=\"comment-text\">Phone Nr.<\/span><br \/>\n<span class=\"wpcf7-form-control-wrap\" data-name=\"tel-913\"><input size=\"40\" maxlength=\"400\" class=\"wpcf7-form-control wpcf7-tel wpcf7-validates-as-required wpcf7-text wpcf7-validates-as-tel\" aria-required=\"true\" aria-invalid=\"false\" placeholder=\"+383 49 xxx-xxx\" value=\"\" type=\"tel\" name=\"tel-913\" \/><\/span>\n\t\t<\/p>\n\t<\/div>\n\t<div class=\"form pxl-item-email\">\n\t\t<p><span class=\"comment-text\">Email:<\/span><br \/>\n<span class=\"wpcf7-form-control-wrap\" data-name=\"email-761\"><input size=\"40\" maxlength=\"400\" class=\"wpcf7-form-control wpcf7-email wpcf7-validates-as-required wpcf7-text wpcf7-validates-as-email\" aria-required=\"true\" aria-invalid=\"false\" placeholder=\"yourname@yourmail.com\" value=\"\" type=\"email\" name=\"email-761\" \/><\/span>\n\t\t<\/p>\n\t<\/div>\n\t<div class=\"form pxl-item-message\">\n\t\t<p><span class=\"comment-text\">Message:<\/span><br \/>\n<span class=\"wpcf7-form-control-wrap\" data-name=\"textarea-648\"><textarea cols=\"40\" rows=\"10\" maxlength=\"2000\" class=\"wpcf7-form-control wpcf7-textarea wpcf7-validates-as-required\" aria-required=\"true\" aria-invalid=\"false\" placeholder=\"Enter your message...\" name=\"textarea-648\"><\/textarea><\/span>\n\t\t<\/p>\n\t<\/div>\n\n\t<div class=\"contact-submit\">\n\t\t<p><button class=\"btn wpcf7-submit pxl-icon-active  btn-default  pxl-icon--right\" type=\"submit\" data-animation=\"pxl-xspin\"><i class=\"flaticon flaticon-next\"><\/i>Send<\/button>\n\t\t<\/p>\n\t<\/div>\n<\/div><div class=\"wpcf7-response-output\" aria-hidden=\"true\"><\/div>\n<input type=\"hidden\" name=\"trp-form-language\" value=\"en\"\/><\/form>\n<\/div>\n    <\/div>\r\n\t\t\t\t<\/div>\n\t\t\t\t<\/div>\n\t\t            <\/div>\r\n        <\/div>\r\n        \t\t\t<\/div>\n\t\t<\/section>\n\t\t\t\t<\/div>","protected":false},"excerpt":{"rendered":"<p>Na kontaktoni Kontaktoni me ne sot Adresa Magjistrale Prishtine-Ferizaj kilometri 13 Numri Telefonit +383 43 902 848 Me \u00e7far\u00eb mund t&#8217;ju ndihmojm\u00eb? Konsultim Pyetje Dizajnim Mb\u00ebshtetje Tjet\u00ebr Emri Nr Tel: Email: Mesazhi: D\u00ebrgo<\/p>","protected":false},"author":1,"featured_media":0,"parent":0,"menu_order":0,"comment_status":"closed","ping_status":"closed","template":"","meta":{"footnotes":""},"class_list":["post-27","page","type-page","status-publish","hentry"],"_links":{"self":[{"href":"https:\/\/amirishpk.com\/en\/wp-json\/wp\/v2\/pages\/27","targetHints":{"allow":["GET"]}}],"collection":[{"href":"https:\/\/amirishpk.com\/en\/wp-json\/wp\/v2\/pages"}],"about":[{"href":"https:\/\/amirishpk.com\/en\/wp-json\/wp\/v2\/types\/page"}],"author":[{"embeddable":true,"href":"https:\/\/amirishpk.com\/en\/wp-json\/wp\/v2\/users\/1"}],"replies":[{"embeddable":true,"href":"https:\/\/amirishpk.com\/en\/wp-json\/wp\/v2\/comments?post=27"}],"version-history":[{"count":0,"href":"https:\/\/amirishpk.com\/en\/wp-json\/wp\/v2\/pages\/27\/revisions"}],"wp:attachment":[{"href":"https:\/\/amirishpk.com\/en\/wp-json\/wp\/v2\/media?parent=27"}],"curies":[{"name":"wp","href":"https:\/\/api.w.org\/{rel}","templated":true}]}}